{"id":70,"date":"2021-05-20T22:08:02","date_gmt":"2021-05-20T20:08:02","guid":{"rendered":"http:\/\/www.bertalazona.org\/?page_id=30"},"modified":"2021-10-27T17:40:58","modified_gmt":"2021-10-27T15:40:58","slug":"come-funziona","status":"publish","type":"page","link":"https:\/\/www.bertalazona.org\/?page_id=70","title":{"rendered":"Come funziona"},"content":{"rendered":"\n<p><span style=\"color:#0b65f5\" class=\"has-inline-color\">L&#8217;ospitalit\u00e0:<\/span><br>Ogni ospite dispone di spazi riservati che garantiscono la privacy, di spazi comuni dove poter socializzare e di un operatore di riferimento che elabora insieme alle altre figure professionali, un piano di assistenza individuale, che viene verificato ed aggiornato con scadenza prefissata.<\/p>\n\n\n\n<p><span style=\"color:#0b65f5\" class=\"has-inline-color\">L&#8217;alimentazione:<\/span><br>Il men\u00f9 giornaliero, approvato dal Servizio Nutrizionale dell&#8217;ASLTO4, \u00e8 esposto presso la sala ristorante ed \u00e8 riproposto ogni quattro settimane a rotazione. E&#8217; possibile scegliere giornalmente tra pi\u00f9 alternative.<\/p>\n\n\n\n<p>I pasti sono cucinati internamente e i men\u00f9 rispettano l&#8217;andamento stagionale, le ricorrenze e tengono conto, per quanto possibile, dei gusti e delle tradizioni degli ospiti.<\/p>\n\n\n\n<figure class=\"wp-block-image size-large\"><img loading=\"lazy\" width=\"1024\" height=\"683\" src=\"http:\/\/www.bertalazona.org\/wp-content\/uploads\/2021\/10\/IMG_8733-1024x683.jpg\" alt=\"\" class=\"wp-image-184\" srcset=\"https:\/\/www.bertalazona.org\/wp-content\/uploads\/2021\/10\/IMG_8733-1024x683.jpg 1024w, https:\/\/www.bertalazona.org\/wp-content\/uploads\/2021\/10\/IMG_8733-300x200.jpg 300w, https:\/\/www.bertalazona.org\/wp-content\/uploads\/2021\/10\/IMG_8733-768x512.jpg 768w, https:\/\/www.bertalazona.org\/wp-content\/uploads\/2021\/10\/IMG_8733-540x360.jpg 540w, https:\/\/www.bertalazona.org\/wp-content\/uploads\/2021\/10\/IMG_8733-1080x720.jpg 1080w, https:\/\/www.bertalazona.org\/wp-content\/uploads\/2021\/10\/IMG_8733.jpg 1200w\" sizes=\"(max-width: 1024px) 100vw, 1024px\" \/><\/figure>\n\n\n\n<p>Per esigenze di salute, in accordo con i medici di Medicina Generale, si elaborano diete individualizzate.<\/p>\n\n\n\n<p>Se necessario \u00e8 previsto un aiuto da parte del personale per l&#8217;assunzione dei pasti.<\/p>\n\n\n\n<p>E&#8217; prevista la distribuzione di una bevanda calda o fredda al pomeriggio e una bevanda calda alla sera.<\/p>\n\n\n\n<p>Nel servizio \u00e8 attiva una procedura di autocontrollo dell&#8217;igiene alimentare nel rispetto delle norme H.A.C.C.P, normativamente previste e conseguentemente gli operatori ricevono adeguata formazione in materia.<\/p>\n\n\n\n<p><span style=\"color:#0b65f5\" class=\"has-inline-color\">L&#8217;igiene:<\/span><br>Gli ospiti sono aiutati e supportati nell&#8217;igiene personale in orari giornalieri programmati oppure su emergenze, sempre salvaguardando la loro privacy. Vengono usati prodotti ipoallergenici e impiegati materiali monouso.<\/p>\n\n\n\n<p>La biancheria da letto \u00e8 cambiata una volta alla settimana o ogni volta si renda necessario.<\/p>\n\n\n\n<p>I presidi sanitari (pannoloni, cateteri, ecc.) sono forniti dall&#8217;ASL di residenza dell&#8217;ospite.<\/p>\n\n\n\n<p><span style=\"color:#0b65f5\" class=\"has-inline-color\">La salute:<\/span><br>Il rapporto con il Medico di Medicina Generale di ogni ospite \u00e8 mantenuto dal personale infermieristico e di assistenza.<\/p>\n\n\n\n<p>Il servizio di riabilitazione concorre a soddisfare il bisogno di salute degli anziani con interventi di prevenzione, cura e riabilitazione svolti da  operatori specializzati.<\/p>\n\n\n\n<p>Particolare attenzione \u00e8 posta alla prevenzione delle piaghe da decubito.<\/p>\n\n\n\n<p><span style=\"color:#0b65f5\" class=\"has-inline-color\">L&#8217;autonomia<\/span>:<br>L&#8217;intervento degli operatori \u00e8 volto in generale a mantenere, valorizzare e recuperare le autonomie della persona.<\/p>\n\n\n\n<p>Ogni ospite pu\u00f2, nei limiti di spazio e della struttura, coltivare e sviluppare i propri interessi.<\/p>\n\n\n\n<p><span style=\"color:#0b65f5\" class=\"has-inline-color\">L&#8217;informazione<\/span>:<br>Nella relazione con gli ospiti, gli operatori forniscono ogni informazione sugli atti, le manovre, le attivit\u00e0 di cura e tutela che attuano nei loro confronti.<\/p>\n\n\n\n<p>Sono a disposizione di tutti sale TV. <\/p>\n\n\n\n<p>La struttura \u00e8 dotata di impianto di diffusione sonora, rete wi-fi.<\/p>\n\n\n\n<p><span style=\"color:#0b65f5\" class=\"has-inline-color\">La tutela<\/span>:<br>Viene rispettata e garantita rigorosamente la riservatezza di tutti i dati sensibili, personali e in generale su tutte le informazioni.<\/p>\n\n\n\n<p>I dati sono raccolti, trattati e archiviati dal Responsabile del trattamento dei dati, individuato dalla societ\u00e0 e dal Responsabile del Presidio, nel rispetto della normativa sul trattamento dei dati personali.<\/p>\n\n\n\n<p><span style=\"color:#0b65f5\" class=\"has-inline-color\">La sicurezza<\/span>:<br>Gli operatori ricevono adeguata formazione e vengono programmati  annualmente corsi di aggiornamento in materia di salute e sicurezza nei luoghi di lavoro,  antincendio ecc.<\/p>\n","protected":false},"excerpt":{"rendered":"<p>L&#8217;ospitalit\u00e0:Ogni ospite dispone di spazi riservati che garantiscono la privacy, di spazi comuni dove poter socializzare e di un operatore di riferimento che elabora insieme alle altre figure&hellip;<\/p>\n","protected":false},"author":1,"featured_media":0,"parent":0,"menu_order":0,"comment_status":"closed","ping_status":"closed","template":"template-full-width.php","meta":[],"yoast_head":"<!-- This site is optimized with the Yoast SEO plugin v16.8 - https:\/\/yoast.com\/wordpress\/plugins\/seo\/ -->\n<title>Come funziona - Bertalazona<\/title>\n<meta name=\"robots\" content=\"index, follow, max-snippet:-1, max-image-preview:large, max-video-preview:-1\" \/>\n<link rel=\"canonical\" href=\"https:\/\/www.bertalazona.org\/?page_id=70\" \/>\n<meta property=\"og:locale\" content=\"it_IT\" \/>\n<meta property=\"og:type\" content=\"article\" \/>\n<meta property=\"og:title\" content=\"Come funziona - Bertalazona\" \/>\n<meta property=\"og:description\" content=\"L&#8217;ospitalit\u00e0:Ogni ospite dispone di spazi riservati che garantiscono la privacy, di spazi comuni dove poter socializzare e di un operatore di riferimento che elabora insieme alle altre figure&hellip;\" \/>\n<meta property=\"og:url\" content=\"https:\/\/www.bertalazona.org\/?page_id=70\" \/>\n<meta property=\"og:site_name\" content=\"Bertalazona\" \/>\n<meta property=\"article:modified_time\" content=\"2021-10-27T15:40:58+00:00\" \/>\n<meta property=\"og:image\" content=\"http:\/\/www.bertalazona.org\/wp-content\/uploads\/2021\/10\/IMG_8733-1024x683.jpg\" \/>\n<meta name=\"twitter:card\" content=\"summary_large_image\" \/>\n<meta name=\"twitter:label1\" content=\"Est. reading time\" \/>\n\t<meta name=\"twitter:data1\" content=\"3 minuti\" \/>\n<script type=\"application\/ld+json\" class=\"yoast-schema-graph\">{\"@context\":\"https:\/\/schema.org\",\"@graph\":[{\"@type\":\"WebSite\",\"@id\":\"https:\/\/www.bertalazona.org\/#website\",\"url\":\"https:\/\/www.bertalazona.org\/\",\"name\":\"Bertalazona\",\"description\":\"\",\"potentialAction\":[{\"@type\":\"SearchAction\",\"target\":{\"@type\":\"EntryPoint\",\"urlTemplate\":\"https:\/\/www.bertalazona.org\/?s={search_term_string}\"},\"query-input\":\"required name=search_term_string\"}],\"inLanguage\":\"it-IT\"},{\"@type\":\"WebPage\",\"@id\":\"https:\/\/www.bertalazona.org\/?page_id=70#webpage\",\"url\":\"https:\/\/www.bertalazona.org\/?page_id=70\",\"name\":\"Come funziona - Bertalazona\",\"isPartOf\":{\"@id\":\"https:\/\/www.bertalazona.org\/#website\"},\"primaryImageOfPage\":{\"@id\":\"https:\/\/www.bertalazona.org\/?page_id=70#primaryimage\"},\"datePublished\":\"2021-05-20T20:08:02+00:00\",\"dateModified\":\"2021-10-27T15:40:58+00:00\",\"breadcrumb\":{\"@id\":\"https:\/\/www.bertalazona.org\/?page_id=70#breadcrumb\"},\"inLanguage\":\"it-IT\",\"potentialAction\":[{\"@type\":\"ReadAction\",\"target\":[\"https:\/\/www.bertalazona.org\/?page_id=70\"]}]},{\"@type\":\"BreadcrumbList\",\"@id\":\"https:\/\/www.bertalazona.org\/?page_id=70#breadcrumb\",\"itemListElement\":[{\"@type\":\"ListItem\",\"position\":1,\"name\":\"Home\",\"item\":\"https:\/\/www.bertalazona.org\/\"},{\"@type\":\"ListItem\",\"position\":2,\"name\":\"Come funziona\"}]}]}<\/script>\n<!-- \/ Yoast SEO plugin. -->","yoast_head_json":{"title":"Come funziona - Bertalazona","robots":{"index":"index","follow":"follow","max-snippet":"max-snippet:-1","max-image-preview":"max-image-preview:large","max-video-preview":"max-video-preview:-1"},"canonical":"https:\/\/www.bertalazona.org\/?page_id=70","og_locale":"it_IT","og_type":"article","og_title":"Come funziona - Bertalazona","og_description":"L&#8217;ospitalit\u00e0:Ogni ospite dispone di spazi riservati che garantiscono la privacy, di spazi comuni dove poter socializzare e di un operatore di riferimento che elabora insieme alle altre figure&hellip;","og_url":"https:\/\/www.bertalazona.org\/?page_id=70","og_site_name":"Bertalazona","article_modified_time":"2021-10-27T15:40:58+00:00","og_image":[{"url":"http:\/\/www.bertalazona.org\/wp-content\/uploads\/2021\/10\/IMG_8733-1024x683.jpg"}],"twitter_card":"summary_large_image","twitter_misc":{"Est. reading time":"3 minuti"},"schema":{"@context":"https:\/\/schema.org","@graph":[{"@type":"WebSite","@id":"https:\/\/www.bertalazona.org\/#website","url":"https:\/\/www.bertalazona.org\/","name":"Bertalazona","description":"","potentialAction":[{"@type":"SearchAction","target":{"@type":"EntryPoint","urlTemplate":"https:\/\/www.bertalazona.org\/?s={search_term_string}"},"query-input":"required name=search_term_string"}],"inLanguage":"it-IT"},{"@type":"WebPage","@id":"https:\/\/www.bertalazona.org\/?page_id=70#webpage","url":"https:\/\/www.bertalazona.org\/?page_id=70","name":"Come funziona - Bertalazona","isPartOf":{"@id":"https:\/\/www.bertalazona.org\/#website"},"primaryImageOfPage":{"@id":"https:\/\/www.bertalazona.org\/?page_id=70#primaryimage"},"datePublished":"2021-05-20T20:08:02+00:00","dateModified":"2021-10-27T15:40:58+00:00","breadcrumb":{"@id":"https:\/\/www.bertalazona.org\/?page_id=70#breadcrumb"},"inLanguage":"it-IT","potentialAction":[{"@type":"ReadAction","target":["https:\/\/www.bertalazona.org\/?page_id=70"]}]},{"@type":"BreadcrumbList","@id":"https:\/\/www.bertalazona.org\/?page_id=70#breadcrumb","itemListElement":[{"@type":"ListItem","position":1,"name":"Home","item":"https:\/\/www.bertalazona.org\/"},{"@type":"ListItem","position":2,"name":"Come funziona"}]}]}},"_links":{"self":[{"href":"https:\/\/www.bertalazona.org\/index.php?rest_route=\/wp\/v2\/pages\/70"}],"collection":[{"href":"https:\/\/www.bertalazona.org\/index.php?rest_route=\/wp\/v2\/pages"}],"about":[{"href":"https:\/\/www.bertalazona.org\/index.php?rest_route=\/wp\/v2\/types\/page"}],"author":[{"embeddable":true,"href":"https:\/\/www.bertalazona.org\/index.php?rest_route=\/wp\/v2\/users\/1"}],"replies":[{"embeddable":true,"href":"https:\/\/www.bertalazona.org\/index.php?rest_route=%2Fwp%2Fv2%2Fcomments&post=70"}],"version-history":[{"count":6,"href":"https:\/\/www.bertalazona.org\/index.php?rest_route=\/wp\/v2\/pages\/70\/revisions"}],"predecessor-version":[{"id":299,"href":"https:\/\/www.bertalazona.org\/index.php?rest_route=\/wp\/v2\/pages\/70\/revisions\/299"}],"wp:attachment":[{"href":"https:\/\/www.bertalazona.org\/index.php?rest_route=%2Fwp%2Fv2%2Fmedia&parent=70"}],"curies":[{"name":"wp","href":"https:\/\/api.w.org\/{rel}","templated":true}]}}